{"id":88,"date":"2025-01-15T16:27:06","date_gmt":"2025-01-15T15:27:06","guid":{"rendered":"https:\/\/studio-jeunepousse.com\/?page_id=88"},"modified":"2025-12-05T15:31:27","modified_gmt":"2025-12-05T14:31:27","slug":"les-projets","status":"publish","type":"page","link":"https:\/\/studio-jeunepousse.com\/index.php\/les-projets\/","title":{"rendered":"Les projets"},"content":{"rendered":"\n<h2 class=\"wp-block-heading\"><strong>Inktober 2025 &#8211;<\/strong> Challenge d&#8217;un dessin par jour pendant le mois d&#8217;octobre<\/h2>\n\n\n\n<figure class=\"wp-block-gallery has-nested-images columns-default is-cropped wp-block-gallery-1 is-layout-flex wp-block-gallery-is-layout-flex\">\n<figure class=\"wp-block-image size-large\"><img loading=\"lazy\" decoding=\"async\" width=\"1928\" height=\"2560\" data-id=\"174\" src=\"https:\/\/studio-jeunepousse.com\/wp-content\/uploads\/2025\/12\/1764255528967-edited-scaled.jpg\" alt=\"\" class=\"wp-image-174\" srcset=\"https:\/\/studio-jeunepousse.com\/wp-content\/uploads\/2025\/12\/1764255528967-edited-scaled.jpg 1928w, https:\/\/studio-jeunepousse.com\/wp-content\/uploads\/2025\/12\/1764255528967-edited-226x300.jpg 226w, https:\/\/studio-jeunepousse.com\/wp-content\/uploads\/2025\/12\/1764255528967-edited-771x1024.jpg 771w, https:\/\/studio-jeunepousse.com\/wp-content\/uploads\/2025\/12\/1764255528967-edited-2000x2656.jpg 2000w\" sizes=\"auto, (max-width: 1928px) 100vw, 1928px\" \/><\/figure>\n\n\n\n<figure class=\"wp-block-image size-large\"><img loading=\"lazy\" decoding=\"async\" width=\"771\" height=\"1024\" data-id=\"173\" src=\"https:\/\/studio-jeunepousse.com\/wp-content\/uploads\/2025\/12\/1764255528886-1-771x1024.jpg\" alt=\"\" class=\"wp-image-173\" srcset=\"https:\/\/studio-jeunepousse.com\/wp-content\/uploads\/2025\/12\/1764255528886-1-771x1024.jpg 771w, https:\/\/studio-jeunepousse.com\/wp-content\/uploads\/2025\/12\/1764255528886-1-226x300.jpg 226w, https:\/\/studio-jeunepousse.com\/wp-content\/uploads\/2025\/12\/1764255528886-1-2000x2658.jpg 2000w, https:\/\/studio-jeunepousse.com\/wp-content\/uploads\/2025\/12\/1764255528886-1-scaled.jpg 1926w\" sizes=\"auto, (max-width: 771px) 100vw, 771px\" \/><\/figure>\n\n\n\n<figure class=\"wp-block-image size-large\"><img loading=\"lazy\" decoding=\"async\" width=\"771\" height=\"1024\" data-id=\"171\" src=\"https:\/\/studio-jeunepousse.com\/wp-content\/uploads\/2025\/12\/1764255528938-1-771x1024.jpg\" alt=\"\" class=\"wp-image-171\" srcset=\"https:\/\/studio-jeunepousse.com\/wp-content\/uploads\/2025\/12\/1764255528938-1-771x1024.jpg 771w, https:\/\/studio-jeunepousse.com\/wp-content\/uploads\/2025\/12\/1764255528938-1-226x300.jpg 226w, https:\/\/studio-jeunepousse.com\/wp-content\/uploads\/2025\/12\/1764255528938-1-2000x2656.jpg 2000w, https:\/\/studio-jeunepousse.com\/wp-content\/uploads\/2025\/12\/1764255528938-1-scaled.jpg 1928w\" sizes=\"auto, (max-width: 771px) 100vw, 771px\" \/><\/figure>\n<\/figure>\n\n\n\n<hr class=\"wp-block-separator has-alpha-channel-opacity\"\/>\n\n\n\n<h2 class=\"wp-block-heading\"><strong>&#8220;L&#8217;\u00e9crabouille monstres&#8221; &#8211;<\/strong> Livre pour enfants de Yann Verchier illustr\u00e9 par Chlo\u00e9 Duvivier (2024)<\/h2>\n\n\n\n<figure class=\"wp-block-image size-large\"><img loading=\"lazy\" decoding=\"async\" width=\"1024\" height=\"538\" src=\"https:\/\/studio-jeunepousse.com\/wp-content\/uploads\/2025\/03\/Couverture-monstres-1024x538.png\" alt=\"\" class=\"wp-image-144\" srcset=\"https:\/\/studio-jeunepousse.com\/wp-content\/uploads\/2025\/03\/Couverture-monstres-1024x538.png 1024w, https:\/\/studio-jeunepousse.com\/wp-content\/uploads\/2025\/03\/Couverture-monstres-300x157.png 300w, https:\/\/studio-jeunepousse.com\/wp-content\/uploads\/2025\/03\/Couverture-monstres-2000x1050.png 2000w\" sizes=\"auto, (max-width: 1024px) 100vw, 1024px\" \/><\/figure>\n\n\n\n<p><\/p>\n","protected":false},"excerpt":{"rendered":"<p>Inktober 2025 &#8211; Challenge d&#8217;un dessin par jour pendant le mois d&#8217;octobre &#8220;L&#8217;\u00e9crabouille monstres&#8221; &#8211; Livre pour enfants de Yann Verchier illustr\u00e9 par Chlo\u00e9 Duvivier (2024)<\/p>\n","protected":false},"author":1,"featured_media":0,"parent":0,"menu_order":0,"comment_status":"closed","ping_status":"closed","template":"","meta":{"footnotes":""},"class_list":["post-88","page","type-page","status-publish","hentry"],"_links":{"self":[{"href":"https:\/\/studio-jeunepousse.com\/index.php\/wp-json\/wp\/v2\/pages\/88","targetHints":{"allow":["GET"]}}],"collection":[{"href":"https:\/\/studio-jeunepousse.com\/index.php\/wp-json\/wp\/v2\/pages"}],"about":[{"href":"https:\/\/studio-jeunepousse.com\/index.php\/wp-json\/wp\/v2\/types\/page"}],"author":[{"embeddable":true,"href":"https:\/\/studio-jeunepousse.com\/index.php\/wp-json\/wp\/v2\/users\/1"}],"replies":[{"embeddable":true,"href":"https:\/\/studio-jeunepousse.com\/index.php\/wp-json\/wp\/v2\/comments?post=88"}],"version-history":[{"count":6,"href":"https:\/\/studio-jeunepousse.com\/index.php\/wp-json\/wp\/v2\/pages\/88\/revisions"}],"predecessor-version":[{"id":177,"href":"https:\/\/studio-jeunepousse.com\/index.php\/wp-json\/wp\/v2\/pages\/88\/revisions\/177"}],"wp:attachment":[{"href":"https:\/\/studio-jeunepousse.com\/index.php\/wp-json\/wp\/v2\/media?parent=88"}],"curies":[{"name":"wp","href":"https:\/\/api.w.org\/{rel}","templated":true}]}}