{"id":8,"date":"2024-08-26T14:58:46","date_gmt":"2024-08-26T12:58:46","guid":{"rendered":"http:\/\/studio-jeunepousse.com\/?page_id=8"},"modified":"2025-03-24T15:02:10","modified_gmt":"2025-03-24T14:02:10","slug":"about","status":"publish","type":"page","link":"https:\/\/studio-jeunepousse.com\/index.php\/about\/","title":{"rendered":"A propos"},"content":{"rendered":"\n<div class=\"wp-block-columns is-layout-flex wp-container-core-columns-is-layout-28f84493 wp-block-columns-is-layout-flex\">\n<div class=\"wp-block-column is-layout-flow wp-block-column-is-layout-flow\" style=\"flex-basis:33.33%\">\n<figure class=\"wp-block-image size-medium\"><img loading=\"lazy\" decoding=\"async\" width=\"300\" height=\"300\" src=\"https:\/\/studio-jeunepousse.com\/wp-content\/uploads\/2025\/03\/Pitch-Lull-V3-300x300.png\" alt=\"\" class=\"wp-image-150\" srcset=\"https:\/\/studio-jeunepousse.com\/wp-content\/uploads\/2025\/03\/Pitch-Lull-V3-300x300.png 300w, https:\/\/studio-jeunepousse.com\/wp-content\/uploads\/2025\/03\/Pitch-Lull-V3-150x150.png 150w, https:\/\/studio-jeunepousse.com\/wp-content\/uploads\/2025\/03\/Pitch-Lull-V3.png 385w\" sizes=\"auto, (max-width: 300px) 100vw, 300px\" \/><\/figure>\n<\/div>\n\n\n\n<div class=\"wp-block-column is-layout-flow wp-block-column-is-layout-flow\" style=\"flex-basis:66.66%\">\n<p>Chlo\u00e9 Duvivier est une artiste polyvalente r\u00e9sidant dans l&#8217;Aube (Champagne-Ardennes). Autodidacte, elle a d\u00e9but\u00e9 les arts plastiques par le dessin, pour d\u00e9couvrir ensuite l&#8217;illustration num\u00e9rique et traditionnelle et la peinture \u00e0 l&#8217;acrylique. Elle aime \u00e9galement s&#8217;essayer r\u00e9guli\u00e8rement \u00e0 de nouvelles techniques cr\u00e9atives (linogravure, cyanotype&#8230;). Ses illustrations et toiles sont inspir\u00e9es de la nature, de voyages ou sorties tout droit de son imagination. Elle collabore r\u00e9guli\u00e8rement sur des projets d&#8217;illustration de livre pour enfants, comme &#8220;L&#8217;\u00e9crabouille monstres&#8221;, paru en 2024.<\/p>\n<\/div>\n<\/div>\n\n\n\n<div class=\"wp-block-columns is-layout-flex wp-container-core-columns-is-layout-28f84493 wp-block-columns-is-layout-flex\"><\/div>\n\n\n\n<p><\/p>\n","protected":false},"excerpt":{"rendered":"<p>Chlo\u00e9 Duvivier est une artiste polyvalente r\u00e9sidant dans l&#8217;Aube (Champagne-Ardennes). Autodidacte, elle a d\u00e9but\u00e9 les arts plastiques par le dessin, pour d\u00e9couvrir ensuite l&#8217;illustration num\u00e9rique et traditionnelle et la peinture \u00e0 l&#8217;acrylique. Elle aime \u00e9galement s&#8217;essayer r\u00e9guli\u00e8rement \u00e0 de nouvelles techniques cr\u00e9atives (linogravure, cyanotype&#8230;). Ses illustrations et toiles sont inspir\u00e9es de la nature, de voyages &hellip; <\/p>\n<p class=\"link-more\"><a href=\"https:\/\/studio-jeunepousse.com\/index.php\/about\/\" class=\"more-link\">Read more<span class=\"screen-reader-text\"> &#8220;A propos&#8221;<\/span><\/a><\/p>\n","protected":false},"author":1,"featured_media":0,"parent":0,"menu_order":0,"comment_status":"closed","ping_status":"closed","template":"","meta":{"footnotes":""},"class_list":["post-8","page","type-page","status-publish","hentry"],"_links":{"self":[{"href":"https:\/\/studio-jeunepousse.com\/index.php\/wp-json\/wp\/v2\/pages\/8","targetHints":{"allow":["GET"]}}],"collection":[{"href":"https:\/\/studio-jeunepousse.com\/index.php\/wp-json\/wp\/v2\/pages"}],"about":[{"href":"https:\/\/studio-jeunepousse.com\/index.php\/wp-json\/wp\/v2\/types\/page"}],"author":[{"embeddable":true,"href":"https:\/\/studio-jeunepousse.com\/index.php\/wp-json\/wp\/v2\/users\/1"}],"replies":[{"embeddable":true,"href":"https:\/\/studio-jeunepousse.com\/index.php\/wp-json\/wp\/v2\/comments?post=8"}],"version-history":[{"count":6,"href":"https:\/\/studio-jeunepousse.com\/index.php\/wp-json\/wp\/v2\/pages\/8\/revisions"}],"predecessor-version":[{"id":153,"href":"https:\/\/studio-jeunepousse.com\/index.php\/wp-json\/wp\/v2\/pages\/8\/revisions\/153"}],"wp:attachment":[{"href":"https:\/\/studio-jeunepousse.com\/index.php\/wp-json\/wp\/v2\/media?parent=8"}],"curies":[{"name":"wp","href":"https:\/\/api.w.org\/{rel}","templated":true}]}}