{"id":7,"date":"2024-08-26T14:58:45","date_gmt":"2024-08-26T12:58:45","guid":{"rendered":"http:\/\/studio-jeunepousse.com\/?page_id=7"},"modified":"2025-03-25T10:57:48","modified_gmt":"2025-03-25T09:57:48","slug":"homepage","status":"publish","type":"page","link":"https:\/\/studio-jeunepousse.com\/","title":{"rendered":"Artiste &amp; illustratrice"},"content":{"rendered":"\n<p class=\"has-text-align-center\"><\/p>\n\n\n\n<div class=\"wp-block-columns is-layout-flex wp-container-core-columns-is-layout-28f84493 wp-block-columns-is-layout-flex\">\n<div class=\"wp-block-column is-layout-flow wp-block-column-is-layout-flow\" style=\"flex-basis:100%\">\n<p class=\"has-text-align-center has-primary-color has-text-color\" style=\"letter-spacing:1px\">Chlo\u00e9 &#8211; jeune pousse en grec &#8211; vous invite \u00e0 d\u00e9couvrir son univers cr\u00e9atif. Artiste polyvalente n\u00e9e dans le Finist\u00e8re, enfant et adolescente globe-trotteuse, elle cr\u00e9e aujourd&#8217;hui toiles, dessins et illustrations au c\u0153ur de la campagne champenoise. Ce site vous ouvre les portes de son atelier.<\/p>\n\n\n\n<ul class=\"wp-block-social-links aligncenter is-layout-flex wp-block-social-links-is-layout-flex\"><li class=\"wp-social-link wp-social-link-instagram  wp-block-social-link\"><a href=\"https:\/\/@jeunepousse.studio\" class=\"wp-block-social-link-anchor\"><svg width=\"24\" height=\"24\" viewBox=\"0 0 24 24\" version=\"1.1\" xmlns=\"http:\/\/www.w3.org\/2000\/svg\" aria-hidden=\"true\" focusable=\"false\"><path d=\"M12,4.622c2.403,0,2.688,0.009,3.637,0.052c0.877,0.04,1.354,0.187,1.671,0.31c0.42,0.163,0.72,0.358,1.035,0.673 c0.315,0.315,0.51,0.615,0.673,1.035c0.123,0.317,0.27,0.794,0.31,1.671c0.043,0.949,0.052,1.234,0.052,3.637 s-0.009,2.688-0.052,3.637c-0.04,0.877-0.187,1.354-0.31,1.671c-0.163,0.42-0.358,0.72-0.673,1.035 c-0.315,0.315-0.615,0.51-1.035,0.673c-0.317,0.123-0.794,0.27-1.671,0.31c-0.949,0.043-1.233,0.052-3.637,0.052 s-2.688-0.009-3.637-0.052c-0.877-0.04-1.354-0.187-1.671-0.31c-0.42-0.163-0.72-0.358-1.035-0.673 c-0.315-0.315-0.51-0.615-0.673-1.035c-0.123-0.317-0.27-0.794-0.31-1.671C4.631,14.688,4.622,14.403,4.622,12 s0.009-2.688,0.052-3.637c0.04-0.877,0.187-1.354,0.31-1.671c0.163-0.42,0.358-0.72,0.673-1.035 c0.315-0.315,0.615-0.51,1.035-0.673c0.317-0.123,0.794-0.27,1.671-0.31C9.312,4.631,9.597,4.622,12,4.622 M12,3 C9.556,3,9.249,3.01,8.289,3.054C7.331,3.098,6.677,3.25,6.105,3.472C5.513,3.702,5.011,4.01,4.511,4.511 c-0.5,0.5-0.808,1.002-1.038,1.594C3.25,6.677,3.098,7.331,3.054,8.289C3.01,9.249,3,9.556,3,12c0,2.444,0.01,2.751,0.054,3.711 c0.044,0.958,0.196,1.612,0.418,2.185c0.23,0.592,0.538,1.094,1.038,1.594c0.5,0.5,1.002,0.808,1.594,1.038 c0.572,0.222,1.227,0.375,2.185,0.418C9.249,20.99,9.556,21,12,21s2.751-0.01,3.711-0.054c0.958-0.044,1.612-0.196,2.185-0.418 c0.592-0.23,1.094-0.538,1.594-1.038c0.5-0.5,0.808-1.002,1.038-1.594c0.222-0.572,0.375-1.227,0.418-2.185 C20.99,14.751,21,14.444,21,12s-0.01-2.751-0.054-3.711c-0.044-0.958-0.196-1.612-0.418-2.185c-0.23-0.592-0.538-1.094-1.038-1.594 c-0.5-0.5-1.002-0.808-1.594-1.038c-0.572-0.222-1.227-0.375-2.185-0.418C14.751,3.01,14.444,3,12,3L12,3z M12,7.378 c-2.552,0-4.622,2.069-4.622,4.622S9.448,16.622,12,16.622s4.622-2.069,4.622-4.622S14.552,7.378,12,7.378z M12,15 c-1.657,0-3-1.343-3-3s1.343-3,3-3s3,1.343,3,3S13.657,15,12,15z M16.804,6.116c-0.596,0-1.08,0.484-1.08,1.08 s0.484,1.08,1.08,1.08c0.596,0,1.08-0.484,1.08-1.08S17.401,6.116,16.804,6.116z\"><\/path><\/svg><span class=\"wp-block-social-link-label screen-reader-text\">Instagram<\/span><\/a><\/li><\/ul>\n<\/div>\n<\/div>\n\n\n\n<div class=\"wp-block-columns is-layout-flex wp-container-core-columns-is-layout-28f84493 wp-block-columns-is-layout-flex\">\n<div class=\"wp-block-column is-layout-flow wp-block-column-is-layout-flow\">\n<div class=\"wp-block-cover\"><span aria-hidden=\"true\" class=\"wp-block-cover__background has-background-dim\" style=\"background-color:#42705b\"><\/span><img loading=\"lazy\" decoding=\"async\" width=\"1440\" height=\"1440\" class=\"wp-block-cover__image-background wp-image-95\" alt=\"\" src=\"http:\/\/studio-jeunepousse.com\/wp-content\/uploads\/2025\/01\/1736955299814-1.webp\" style=\"object-position:64% 79%\" data-object-fit=\"cover\" data-object-position=\"64% 79%\" srcset=\"https:\/\/studio-jeunepousse.com\/wp-content\/uploads\/2025\/01\/1736955299814-1.webp 1440w, https:\/\/studio-jeunepousse.com\/wp-content\/uploads\/2025\/01\/1736955299814-1-300x300.webp 300w, https:\/\/studio-jeunepousse.com\/wp-content\/uploads\/2025\/01\/1736955299814-1-1024x1024.webp 1024w, https:\/\/studio-jeunepousse.com\/wp-content\/uploads\/2025\/01\/1736955299814-1-150x150.webp 150w\" sizes=\"auto, (max-width: 1440px) 100vw, 1440px\" \/><div class=\"wp-block-cover__inner-container is-layout-flow wp-block-cover-is-layout-flow\">\n<h2 class=\"wp-block-heading has-text-align-center has-large-font-size\">Les toiles <\/h2>\n\n\n\n<div class=\"wp-block-buttons is-content-justification-center is-layout-flex wp-container-core-buttons-is-layout-a89b3969 wp-block-buttons-is-layout-flex\">\n<div class=\"wp-block-button is-style-fill\"><a class=\"wp-block-button__link has-foreground-color has-background-background-color has-text-color has-background has-link-color wp-element-button\" href=\"https:\/\/studio-jeunepousse.com\/index.php\/les-toiles\/\">D\u00e9couvrir<\/a><\/div>\n<\/div>\n<\/div><\/div>\n<\/div>\n\n\n\n<div class=\"wp-block-column is-layout-flow wp-block-column-is-layout-flow\">\n<div class=\"wp-block-cover is-light\"><span aria-hidden=\"true\" class=\"wp-block-cover__background has-background-dim\" style=\"background-color:#dfdedd\"><\/span><img loading=\"lazy\" decoding=\"async\" width=\"1918\" height=\"2560\" class=\"wp-block-cover__image-background wp-image-98\" alt=\"\" src=\"https:\/\/studio-jeunepousse.com\/wp-content\/uploads\/2025\/01\/1736955263998-scaled.jpg\" style=\"object-position:62% 90%\" data-object-fit=\"cover\" data-object-position=\"62% 90%\" srcset=\"https:\/\/studio-jeunepousse.com\/wp-content\/uploads\/2025\/01\/1736955263998-scaled.jpg 1918w, https:\/\/studio-jeunepousse.com\/wp-content\/uploads\/2025\/01\/1736955263998-225x300.jpg 225w, https:\/\/studio-jeunepousse.com\/wp-content\/uploads\/2025\/01\/1736955263998-767x1024.jpg 767w, https:\/\/studio-jeunepousse.com\/wp-content\/uploads\/2025\/01\/1736955263998-2000x2670.jpg 2000w\" sizes=\"auto, (max-width: 1918px) 100vw, 1918px\" \/><div class=\"wp-block-cover__inner-container is-layout-flow wp-block-cover-is-layout-flow\">\n<h2 class=\"wp-block-heading has-text-align-center has-large-font-size\">Les illustrations<\/h2>\n\n\n\n<div class=\"wp-block-buttons is-content-justification-center is-layout-flex wp-container-core-buttons-is-layout-a89b3969 wp-block-buttons-is-layout-flex\">\n<div class=\"wp-block-button\"><a class=\"wp-block-button__link has-foreground-color has-white-background-color has-text-color has-background has-link-color wp-element-button\" href=\"https:\/\/studio-jeunepousse.com\/index.php\/les-illustrations\/\">D\u00e9couvrir<\/a><\/div>\n<\/div>\n<\/div><\/div>\n<\/div>\n\n\n\n<div class=\"wp-block-column is-layout-flow wp-block-column-is-layout-flow\">\n<div class=\"wp-block-cover is-light wp-duotone-0bb4aa-ffffff-1\"><span aria-hidden=\"true\" class=\"wp-block-cover__background has-background-dim\" style=\"background-color:#cfbfbb\"><\/span><img loading=\"lazy\" decoding=\"async\" width=\"605\" height=\"849\" class=\"wp-block-cover__image-background wp-image-99\" alt=\"\" src=\"https:\/\/studio-jeunepousse.com\/wp-content\/uploads\/2025\/01\/affiche-ecabouille.5qUzPGnTJD.jpg\" style=\"object-position:60% 57%\" data-object-fit=\"cover\" data-object-position=\"60% 57%\" srcset=\"https:\/\/studio-jeunepousse.com\/wp-content\/uploads\/2025\/01\/affiche-ecabouille.5qUzPGnTJD.jpg 605w, https:\/\/studio-jeunepousse.com\/wp-content\/uploads\/2025\/01\/affiche-ecabouille.5qUzPGnTJD-214x300.jpg 214w\" sizes=\"auto, (max-width: 605px) 100vw, 605px\" \/><div class=\"wp-block-cover__inner-container is-layout-flow wp-block-cover-is-layout-flow\">\n<h2 class=\"wp-block-heading has-text-align-center has-large-font-size\">Les projets <\/h2>\n\n\n\n<div class=\"wp-block-buttons is-content-justification-center is-layout-flex wp-container-core-buttons-is-layout-a89b3969 wp-block-buttons-is-layout-flex\">\n<div class=\"wp-block-button\"><a class=\"wp-block-button__link has-primary-color has-white-background-color has-text-color has-background has-link-color wp-element-button\" href=\"https:\/\/studio-jeunepousse.com\/index.php\/les-projets\/\">D\u00e9couvrir<\/a><\/div>\n<\/div>\n<\/div><\/div>\n<\/div>\n<\/div>\n\n\n\n<div style=\"height:0px\" aria-hidden=\"true\" class=\"wp-block-spacer\"><\/div>\n\n\n\n<p><\/p>\n","protected":false},"excerpt":{"rendered":"<p>Chlo\u00e9 &#8211; jeune pousse en grec &#8211; vous invite \u00e0 d\u00e9couvrir son univers cr\u00e9atif. Artiste polyvalente n\u00e9e dans le Finist\u00e8re, enfant et adolescente globe-trotteuse, elle cr\u00e9e aujourd&#8217;hui toiles, dessins et illustrations au c\u0153ur de la campagne champenoise. Ce site vous ouvre les portes de son atelier.<\/p>\n","protected":false},"author":1,"featured_media":120,"parent":0,"menu_order":0,"comment_status":"closed","ping_status":"closed","template":"","meta":{"footnotes":""},"class_list":["post-7","page","type-page","status-publish","has-post-thumbnail","hentry"],"_links":{"self":[{"href":"https:\/\/studio-jeunepousse.com\/index.php\/wp-json\/wp\/v2\/pages\/7","targetHints":{"allow":["GET"]}}],"collection":[{"href":"https:\/\/studio-jeunepousse.com\/index.php\/wp-json\/wp\/v2\/pages"}],"about":[{"href":"https:\/\/studio-jeunepousse.com\/index.php\/wp-json\/wp\/v2\/types\/page"}],"author":[{"embeddable":true,"href":"https:\/\/studio-jeunepousse.com\/index.php\/wp-json\/wp\/v2\/users\/1"}],"replies":[{"embeddable":true,"href":"https:\/\/studio-jeunepousse.com\/index.php\/wp-json\/wp\/v2\/comments?post=7"}],"version-history":[{"count":27,"href":"https:\/\/studio-jeunepousse.com\/index.php\/wp-json\/wp\/v2\/pages\/7\/revisions"}],"predecessor-version":[{"id":162,"href":"https:\/\/studio-jeunepousse.com\/index.php\/wp-json\/wp\/v2\/pages\/7\/revisions\/162"}],"wp:featuredmedia":[{"embeddable":true,"href":"https:\/\/studio-jeunepousse.com\/index.php\/wp-json\/wp\/v2\/media\/120"}],"wp:attachment":[{"href":"https:\/\/studio-jeunepousse.com\/index.php\/wp-json\/wp\/v2\/media?parent=7"}],"curies":[{"name":"wp","href":"https:\/\/api.w.org\/{rel}","templated":true}]}}