{"id":10,"date":"2024-08-26T14:58:46","date_gmt":"2024-08-26T12:58:46","guid":{"rendered":"http:\/\/studio-jeunepousse.com\/?page_id=10"},"modified":"2025-03-24T15:02:03","modified_gmt":"2025-03-24T14:02:03","slug":"blog","status":"publish","type":"page","link":"https:\/\/studio-jeunepousse.com\/index.php\/blog\/","title":{"rendered":"Actualit\u00e9s"},"content":{"rendered":"\n<p><strong>depuis novembre 2024 &#8211;<\/strong> Projet d&#8217;illustration d&#8217;un livre pour enfants (en cours)<\/p>\n\n\n\n<p><strong>f\u00e9vrier 2024 &#8211;<\/strong> Publication de &#8220;L&#8217;\u00e9crabouille monstres&#8221;, livre pour enfants de Yann Verchier illustr\u00e9 par Chlo\u00e9 Duvivier<\/p>\n\n\n\n<p><strong>janvier 2024-<\/strong> Exposition de toiles \u00e0 Troyes au caf\u00e9 &#8220;Tasse et pinceau&#8221;<\/p>\n","protected":false},"excerpt":{"rendered":"<p>depuis novembre 2024 &#8211; Projet d&#8217;illustration d&#8217;un livre pour enfants (en cours) f\u00e9vrier 2024 &#8211; Publication de &#8220;L&#8217;\u00e9crabouille monstres&#8221;, livre pour enfants de Yann Verchier illustr\u00e9 par Chlo\u00e9 Duvivier janvier 2024- Exposition de toiles \u00e0 Troyes au caf\u00e9 &#8220;Tasse et pinceau&#8221;<\/p>\n","protected":false},"author":1,"featured_media":0,"parent":0,"menu_order":0,"comment_status":"closed","ping_status":"closed","template":"","meta":{"footnotes":""},"class_list":["post-10","page","type-page","status-publish","hentry"],"_links":{"self":[{"href":"https:\/\/studio-jeunepousse.com\/index.php\/wp-json\/wp\/v2\/pages\/10","targetHints":{"allow":["GET"]}}],"collection":[{"href":"https:\/\/studio-jeunepousse.com\/index.php\/wp-json\/wp\/v2\/pages"}],"about":[{"href":"https:\/\/studio-jeunepousse.com\/index.php\/wp-json\/wp\/v2\/types\/page"}],"author":[{"embeddable":true,"href":"https:\/\/studio-jeunepousse.com\/index.php\/wp-json\/wp\/v2\/users\/1"}],"replies":[{"embeddable":true,"href":"https:\/\/studio-jeunepousse.com\/index.php\/wp-json\/wp\/v2\/comments?post=10"}],"version-history":[{"count":6,"href":"https:\/\/studio-jeunepousse.com\/index.php\/wp-json\/wp\/v2\/pages\/10\/revisions"}],"predecessor-version":[{"id":159,"href":"https:\/\/studio-jeunepousse.com\/index.php\/wp-json\/wp\/v2\/pages\/10\/revisions\/159"}],"wp:attachment":[{"href":"https:\/\/studio-jeunepousse.com\/index.php\/wp-json\/wp\/v2\/media?parent=10"}],"curies":[{"name":"wp","href":"https:\/\/api.w.org\/{rel}","templated":true}]}}